{"id":1432,"date":"2018-11-08T11:03:35","date_gmt":"2018-11-08T10:03:35","guid":{"rendered":"http:\/\/amplimyo.de\/?page_id=1432"},"modified":"2024-11-08T12:50:27","modified_gmt":"2024-11-08T11:50:27","slug":"agb","status":"publish","type":"page","link":"https:\/\/amplitrain.com\/en\/agb\/","title":{"rendered":"AGB"},"content":{"rendered":"\n<h1>\n\t\t\t\tAllgemeine Gesch\u00e4ftsbedingungen der amplitrain GmbH\n\t\t\t<\/h1>\n\t<p>&nbsp;<\/p>\n<p><a href=\"https:\/\/amplitrain.com\/wp-content\/uploads\/2018\/09\/allgemeine-geschaeftsbedingungen-der-amplitrain-gmbh.pdf\">PDF zum Download<\/a><\/p>\n<p>&nbsp;<\/p>\n<h3><strong>\u00a7 1 Geltungsbereich und Anbieter<\/strong><\/h3>\n<p>(1)Diese Allgemeinen Gesch\u00e4ftsbedingungen gelten f\u00fcr alle Bestellungen, die Sie bei<\/p>\nampliTrain Global GmbH<br>\nMAFINEX Technologiezentrum<br>\nJulius-Hatry-Str.1<br>\n68163 Mannheim\nGesch\u00e4ftsf\u00fchrer:&nbsp;&nbsp;&nbsp;&nbsp;&nbsp;&nbsp; Sabine Kleber, Markus H\u00f6ffgen<br>\nt\u00e4tigen.\n<p>&nbsp;<\/p>\n<ol>\n<li>Unser Warenangebot richtet sich ausschlie\u00dflich an K\u00e4ufer, die das 18. Lebensjahr vollendet haben.<\/li>\n<li>Unsere Lieferungen, Leistungen und Angebote erfolgen ausschlie\u00dflich auf der Grundlage dieser Allgemeinen Gesch\u00e4ftsbedingungen. Die Allgemeinen Gesch\u00e4ftsbedingungen gelten gegen\u00fcber Unternehmen somit auch f\u00fcr alle k\u00fcnftigen Gesch\u00e4ftsbeziehungen, auch wenn sie nicht nochmals ausdr\u00fccklich vereinbart werden. Der Einbeziehung von Allgemeinen Gesch\u00e4ftsbedingungen eines Kunden, die unseren Allgemeinen Gesch\u00e4ftsbedingungen widersprechen, wird schon jetzt widersprochen.<\/li>\n<li>Vertragssprache ist ausschlie\u00dflich deutsch.<\/li>\n<li>Sie k\u00f6nnen die derzeit g\u00fcltigen Allgemeinen Gesch\u00e4ftsbedingungen auf der Website <a href=\"http:\/\/www.amplitrain.de\/\">amplitrain.de&nbsp;<\/a>abrufen.<\/li>\n<\/ol>\n<p>&nbsp;<\/p>\n<h3><strong>\u00a7 2 Vertragsschluss<\/strong><\/h3>\n<ol>\n<li>Die Aufforderung zur Kontaktaufnahme \u00fcber unser Kontaktformular auf der Homepage stellt keinen verbindlichen Antrag auf den Abschluss eines Vertrages dar. Vielmehr handelt es sich um eine unverbindliche Aufforderung, mit Telekommunikationsmitteln wie Fax, Telefon, E-Mail etc. zum Zweck der Bestellung Kontakt aufzunehmen.<\/li>\n<li>Mit Bestellung von Ware mittels Telefax, Telefon oder E-Mail geben Sie ein verbindliches Angebot ab (\u00a7 145 BGB).<\/li>\n<li>Ein Vertrag \u00fcber die Ware kommt erst zustande, wenn wir ausdr\u00fccklich die Annahme des Angebots erkl\u00e4ren (Auftragsbest\u00e4tigung) oder wenn wir die Ware &#8211; ohne vorherige ausdr\u00fcckliche Annahmeerkl\u00e4rung \u2013 an Sie liefern.<\/li>\n<\/ol>\n<p>&nbsp;<\/p>\n<h3><strong> \u00a7 3 Preise<\/strong><\/h3>\n<p>Die in der Auftragsbest\u00e4tigung genannten Preise enthalten die gesetzliche Mehrwertsteuer und sonstige Preisbestandteile und verstehen sich zzgl. der Versandkosten, sofern nichts anderes vereinbart wird. Im Falle eines Widerrufs \u00fcbernimmt grunds\u00e4tzlich der Besteller die Versandkosten.<\/p>\n<p>&nbsp;<\/p>\n<h3><strong> \u00a7 4 Zahlungsbedingungen und Verzug<\/strong><\/h3>\n<ol>\n<li>Die Zahlung erfolgt wahlweise in Form von Rechnung per Vorkasse, Rechnung oder Kreditkarte (bei Zahlung am Standort Mannheim). Eventuell amplitrain GmbH in Rechnung gestellte Bearbeitungsgeb\u00fchren tr\u00e4gt der K\u00e4ufer.<\/li>\n<li>Die Auswahl der jeweils verf\u00fcgbaren Bezahlmethoden obliegt uns. Wir behalten uns insbesondere vor, Ihnen f\u00fcr die Bezahlung nur ausgew\u00e4hlte Bezahlmethoden anzubieten, beispielsweise zur Absicherung unseres Kreditrisikos nur Vorkasse.<\/li>\n<li>Bei Auswahl der Zahlungsart Vorkasse nennen wir Ihnen unsere Bankverbindung in der Auftragsbest\u00e4tigung. Der Rechnungsbetrag ist innerhalb von 10 Tagen nach Erhalt der Auftragsbest\u00e4tigung auf unser Konto zu \u00fcberweisen.<\/li>\n<li>Anfallende Verzollungskosten \u00fcbernimmt der K\u00e4ufer bzw. Leasingnehmer.<\/li>\n<li>Geraten Sie mit einer Zahlung in Verzug, so sind Sie zur Zahlung der gesetzlichen Verzugszinsen in H\u00f6he von 5 Prozentpunkten \u00fcber dem Basiszinssatz verpflichtet. F\u00fcr jedes Mahnschreiben, das nach Eintritt des Verzugs an Sie versandt wird, wird Ihnen eine Mahngeb\u00fchr berechnet, sofern nicht im Einzelfall ein niedrigerer bzw. h\u00f6herer Schade nachgewiesen wird.<\/li>\n<\/ol>\n<p>Die Mahngeb\u00fchr betr\u00e4gt:<\/p>\n<p>5,00 \u20ac f\u00fcr die erste Mahnung<\/p>\n<p>10,00 \u20ac f\u00fcr die zweite Mahnung<\/p>\n<p>15,00 \u20ac f\u00fcr die dritte und letzte Mahnung.<\/p>\n<p>Nach der dritten Mahnung wird ein Mahnverfahren eingeleitet.<\/p>\n<p>&nbsp;<\/p>\n<p>6. Von oder reparierten Ware beim Kunden, von diesem unaufgefordert und auf eigene Kosten an amplitrain GmbH zur\u00fcckgegeben werden.<\/p>\n<p>Wird nach 14 Tagen keine R\u00fcckgabe des identischen Leihger\u00e4ts (Seriennummer) oder identischen Anzugs (Chargennummer) mit Eingang an unserem o.g. Standort verzeichnet, wird das Leihger\u00e4t, bzw. der Leihanzug mit dem Neupreis in Rechnung gestellt.<\/p>\n<p>&nbsp;<\/p>\n<h3><strong> \u00a7 5 Aufrechnung \/ Zur\u00fcckbehaltungsrecht<\/strong><\/h3>\n<ol>\n<li>Ein Recht zur Aufrechnung steht Ihnen nur dann zu, wenn Ihre Gegenforderung rechtskr\u00e4ftig festgestellt worden ist, von uns nicht bestritten oder anerkannt wird oder in einem engen synallagmatischen Verh\u00e4ltnis zu unserer Forderung steht.<\/li>\n<li>Sie k\u00f6nnen ein Zur\u00fcckbehaltungsrecht nur aus\u00fcben, soweit Ihre Gegenforderung auf demselben Vertragsverh\u00e4ltnis beruht.<\/li>\n<\/ol>\n<p>&nbsp;<\/p>\n<h3><strong>\u00a7 6 Lieferung \/ Eigentumsvorbehalt <\/strong><\/h3>\n<ol>\n<li>Sofern nicht anders vereinbart, erfolgt die Lieferung der Ware von unserem Standort Mannheim an die von Ihnen angegebene Adresse.<\/li>\n<li>Die Ware bleibt bis zur vollst\u00e4ndigen Zahlung des Kauf-, bzw. Leasingpreises unser Eigentum.<\/li>\n<li>Wir sind ausnahmsweise nicht zur Lieferung der bestellten Ware verpflichtet, wenn wir die Ware unsererseits ordnungsgem\u00e4\u00df bestellt haben, jedoch nicht richtig oder nicht rechtzeitig beliefert wurden (kongruentes Deckungsgesch\u00e4ft).&nbsp;Das Risiko, eine bestellte Ware besorgen zu m\u00fcssen (Beschaffungsrisiko) \u00fcbernehmen wir nicht. Dies gilt auch bei der Bestellung von Waren, die nur ihrer Art und ihren Merkmalen nach beschrieben sind (Gattungswaren). Wir sind nur zur Lieferung aus unserem Warenvorrat und der von uns bei unseren Lieferanten bestellten Waren verpflichtet.<\/li>\n<li>Wenn Sie Unternehmer im Sinne des \u00a7 14 BGB sind, gilt erg\u00e4nzend Folgendes:<\/li>\n<\/ol>\n<ul>\n<li>Wir behalten uns das Eigentum an der Ware bis zum vollst\u00e4ndigen Ausgleich aller Forderungen aus der laufenden Gesch\u00e4ftsbeziehung vor. Vor \u00dcbergang des Eigentums an der Vorbehaltsware ist eine Verpf\u00e4ndung oder Sicherheits\u00fcbereignung nicht zul\u00e4ssig.<\/li>\n<li>Sie d\u00fcrfen die Ware im ordentlichen Gesch\u00e4ftsgang weiterverkaufen. F\u00fcr diesen Fall treten Sie bereits jetzt alle Forderungen in H\u00f6he des Rechnungsbetrages, die Ihnen aus dem Weiterverkauf erwachsen, an uns ab. Wir nehmen die Abtretung an, Sie sind jedoch zur Einziehung der Forderung erm\u00e4chtigt. Soweit sie Ihren Zahlungsver-pflichtungen nicht ordnungsgem\u00e4\u00df nachkommen, behalten wir uns das Recht vor, Forderungen selbst einzuziehen.<\/li>\n<li>Bei Verbindung und Vermischung der Vorbehaltsware erwerben wir Miteigentum an der neuen Sache im Verh\u00e4ltnis des Rechnungswertes der Vorbehaltsware zu den anderen verarbeiteten Gegenst\u00e4nden zum Zeitpunkt der Verarbeitung.<\/li>\n<li>Wir verpflichten uns, die uns zustehenden Sicherheiten auf Verlangen insoweit freizugeben, als der realisierbare Wert unserer Sicherheiten die zu sichernden Forderungen um mehr als 10 % \u00fcbersteigt. Die Auswahl der freizugebenden Sicherheiten obliegt uns.<\/li>\n<\/ul>\n<p><strong>&nbsp;<\/strong><\/p>\n<h3><strong> \u00a7 7 Widerrufsbelehrung<\/strong><\/h3>\n<p><strong>F\u00fcr den Fall, dass Sie Verbraucher im Sinne des \u00a7 13 BGB sind, also den Kauf zu Zwecken t\u00e4tigen, die \u00fcberwiegend weder Ihrer gewerblichen noch Ihrer selbst\u00e4ndigen beruflichen T\u00e4tigkeit zugerechnet werden k\u00f6nnen, haben sie ein Widerrufsrecht nach Ma\u00dfgabe der folgenden Bestimmungen.<\/strong><\/p>\n<p><strong>Widerrufsrecht<\/strong><\/p>\n<p><strong>Sie haben das Recht, binnen vierzehn Tagen ohne Angabe von Gr\u00fcnden diesen Vertrag zu widerrufen.<\/strong><\/p>\n<p>Die Widerrufsfrist betr\u00e4gt vierzehn Tage ab dem Tag, an dem Sie oder ein von Ihnen benannter Dritter, der nicht der Bef\u00f6rderer ist, die Waren in Besitz genommen haben bzw. hat.<\/p>\n<p>Um Ihr Widerrufsrecht auszu\u00fcben, m\u00fcssen sie uns<\/p>\nFirma: &nbsp;&nbsp;&nbsp;&nbsp;&nbsp;&nbsp;&nbsp;&nbsp;&nbsp;&nbsp;&nbsp; ampliTrain Global GmbH<br>\nAdresse: &nbsp;&nbsp;&nbsp;&nbsp;&nbsp;&nbsp;&nbsp;&nbsp; MAFINEX Technologiezentrum<br>\nJulius-Hatry-Str.1<br>\n68163 Mannheim\n<p>E-Mail: &nbsp;&nbsp;&nbsp;&nbsp;&nbsp;&nbsp;&nbsp;&nbsp;&nbsp;&nbsp; <a href=\"mailto:mail@amplitrain.de\">mail@amplitrain.de<\/a><\/p>\n<p>mittels einer eindeutigen Erkl\u00e4rung (z.B. ein mit der Post versandter Brief, Telefax oder E-Mail) \u00fcber Ihren Entschluss, diesen Vertrag zu wiederrufen, informieren. Sie k\u00f6nnen daf\u00fcr das beigef\u00fcgte Muster-Widerrufsformular verwenden, das jedoch nicht vorgeschrieben ist.<\/p>\n<p>Zur Wahrung der Widerrufsfrist reicht es aus, dass Sie die Mitteilung \u00fcber die Aus\u00fcbung des Widerrufsrechts vor Ablauf der Widerrufsfrist absenden.<\/p>\n<p>&nbsp;<\/p>\n<p>Folgen des Widerrufs:<\/p>\n<p>Wenn sie diesen Vertrag widerrufen, haben wir Ihnen alle Zahlungen, die wir von Ihnen erhalten haben, einschlie\u00dflich der Lieferkosten (mit Ausnahme der zus\u00e4tzlichen Kosten, die sich daraus ergeben, dass Sie eine andere Art der Lieferung als die von uns angebotene, g\u00fcnstigste Standardlieferung gew\u00e4hlt haben), unverz\u00fcglich und sp\u00e4testens binnen vierzehn Tagen ab dem Tag zur\u00fcckzuzahlen, an dem die Mitteilung \u00fcber Ihren Widerruf dieses Vertrags bei uns eingegangen ist. F\u00fcr diese R\u00fcckzahlung verwenden wir dasselbe Zahlungsmittel, das Sie bei der urspr\u00fcnglichen Transaktion eingesetzt haben, es sei denn, mit Ihnen wurde ausdr\u00fccklich etwas andere vereinbart; in keinem Fall werden Ihnen wegen dieser R\u00fcckzahlung Entgelte berechnet.<\/p>\n<p>Wir k\u00f6nnen die R\u00fcckzahlung verweigern, bis wir die Waren wieder zur\u00fcckerhalten haben oder bis Sie den Nachweis erbracht haben, dass Sie die Waren zur\u00fcckgesandt haben, je nachdem, welches der fr\u00fchere Zeitpunkt ist.<\/p>\n<p>Sie haben die Waren unverz\u00fcglich und in jedem Fall sp\u00e4testens binnen vierzehn Tagen ab dem Tag, an dem Sie uns \u00fcber den Widerruf dieses Vertrags unterrichten, an uns zur\u00fcckzusenden oder zu \u00fcbergeben. Die Frist ist gewahrt, wenn Sie die Waren vor Ablauf der Frist von vierzehn Tagen absenden.<\/p>\n<p>Sie tragen die unmittelbaren Kosten der R\u00fccksendung der Waren.<\/p>\n<p>Sie m\u00fcssen f\u00fcr einen etwaigen Wertverlust der Waren nur aufkommen, wenn dieser Wertverlust auf einen zur Pr\u00fcfung der Beschaffenheit, Eigenschaften und Funktionsweise der Waren nicht notwendigen Umgang mit ihnen zur\u00fcckzuf\u00fchren ist.<\/p>\n<p>&nbsp;<\/p>\n<p><strong>Muster-Widerrufsformular<\/strong><\/p>\n<p>Wenn Sie den Vertrag widerrufen wollen, dann f\u00fcllen Sie bitte dieses Formular aus und senden Sie es zur\u00fcck an:<\/p>\nFirma: &nbsp;&nbsp;&nbsp;&nbsp;&nbsp;&nbsp;&nbsp;&nbsp;&nbsp;&nbsp;&nbsp; amplitrain Gloabl GmbH<br>\nAdresse: &nbsp;&nbsp;&nbsp;&nbsp;&nbsp;&nbsp;&nbsp;&nbsp;MAFINEX Technologiezentrum<br>\nJulius-Hatry-Str.1<br>\n68163 Mannheim\n<p>&nbsp;<\/p>\n<p>E-Mail: &nbsp;&nbsp;&nbsp;&nbsp;&nbsp;&nbsp;&nbsp;&nbsp;&nbsp;&nbsp; <a href=\"mailto:mail@amplitrain.de\">mail@amplitrain.de<\/a><\/p>\n<p>&nbsp;<\/p>\n<p>Hiermit widerrufe(n) ich \/wir (*) den von mir\/uns (*) abgeschlossenen Vertrag \u00fcber den Kauf der folgenden Waren (*):<\/p>\n<p>&nbsp;<\/p>\n<p>Bestellt am (*)\/erhalten am (*)<\/p>\n<p>&nbsp;<\/p>\n<p>Ich bin dar\u00fcber informiert, dass ich als Verbraucher die Kosten der R\u00fccksendung, d.h. f\u00fcr den Transport und die ordnungsgem\u00e4\u00dfe Verpackung der Ware trage.<\/p>\n<p>Name des\/der Verbraucher(s):<\/p>\n<p>&nbsp;<\/p>\n<p>Anschrift des\/der Verbraucher(s):<\/p>\n<p>&nbsp;<\/p>\n<p>Unterschrift des\/der Verbraucher(s) (nur bei Mitteilung auf Papier)<\/p>\n<p>&nbsp;<\/p>\n<p>Datum<\/p>\n<p>&nbsp;<\/p>\n<p>(*) Unzutreffendes streichen.<\/p>\n<p><strong>&nbsp;<\/strong><\/p>\n<p><strong>&nbsp;<\/strong><\/p>\n<p><strong>&nbsp;<\/strong><\/p>\n<p><strong>Ende der Widerrufsbelehrung <\/strong><\/p>\n<p>Das Widerrufsrecht besteht nicht bei<\/p>\n<ol>\n<li>Lieferung von Waren, die nicht vorgefertigt sind und f\u00fcr deren Herstellung eine individuelle Auswahl oder Bestimmung durch den Verbraucher ma\u00dfgeblich ist oder die eindeutig auf die pers\u00f6nlichen Bed\u00fcrfnisse des Verbrauchers zugeschnitten sind,&nbsp;bei Lieferung versiegelter Waren, die aus Gr\u00fcnden des Gesundheitsschutzes oder der Hygiene nicht zur R\u00fcckgabe geeignet sind, wenn ihre Versiegelung nach der Lieferung entfernt wurde.<\/li>\n<li>Bitte vermeiden Sie Besch\u00e4digungen und Verunreinigungen. Senden Sie die Ware bitte m\u00f6glichst in Originalverpackung mit s\u00e4mtlichem Zubeh\u00f6r und mit allen Verpackungsbestandteilen an uns zur\u00fcck. Verwenden Sie ggf. eine sch\u00fctzende Umverpackung. Wenn Sie die Originalverpackung nicht mehr besitzen, sorgen Sie bitte mit einer geeigneten Verpackung f\u00fcr einen ausreichenden Schutz vor Transportsch\u00e4den, um Schadensersatzanspr\u00fcche wegen Besch\u00e4digungen infolge mangelhafter Verpackung zu vermeiden.<\/li>\n<li>Bitte rufen Sie vor R\u00fccksendung unter der Telefonnummer: +49 0621 150 216 0 bei uns an, um die R\u00fccksendung anzuk\u00fcndigen. Auf diese Weise erm\u00f6glichen sie uns eine schnellstm\u00f6gliche Zuordnung der Produkte.<\/li>\n<li>Bitte beachten Sie, dass die in den vorstehenden Abs\u00e4tzen 2 und 3 genannten Modalit\u00e4ten nicht Voraussetzung f\u00fcr die wirksame Aus\u00fcbung des Widerrufsrechts sind.<\/li>\n<\/ol>\n<p>&nbsp;<\/p>\n<h3><strong> \u00a7 8 Transportsch\u00e4den<\/strong><\/h3>\n<ol>\n<li>Werden Waren mit offensichtlichen Transportsch\u00e4den angeliefert, so reklamieren Sie solche Fehler bitte sofort bei dem Zusteller und nehmen bitte schnellstm\u00f6glich Kontakt zu uns auf.<\/li>\n<li>Die Vers\u00e4umung einer Reklamation oder Kontaktaufnahme hat f\u00fcr Ihre gesetzlichen Gew\u00e4hrleistungsrechte keine Konsequenzen. Sie helfen uns aber, unsere eigenen Anspr\u00fcche gegen\u00fcber dem Frachtf\u00fchrer bzw. der Transportversicherung geltend machen zu k\u00f6nnen.<\/li>\n<\/ol>\n<p>&nbsp;<\/p>\n<h3><strong> \u00a7 9 Gew\u00e4hrleistung<\/strong><\/h3>\n<p>1. Soweit nicht ausdr\u00fccklich etwas anderes vereinbart ist, richten sich Ihre Gew\u00e4hrleistungsanspr\u00fcche nach den gesetzlichen Bestimmungen des Kaufrechts (\u00a7\u00a7 433 ff. BGB). Im \u00dcbrigen gelten f\u00fcr die Gew\u00e4hrleistung die gesetzlichen Bestimmungen, insbesondere die zweij\u00e4hrige Verj\u00e4hrungsfrist gem. \u00a7 438 Abs. 1 Nr. 3 BGB.<\/p>\n<p>2. Folgende Gew\u00e4hrleistungsanspr\u00fcche bestehen in diesen F\u00e4llen:<\/p>\n<p>a) Gew\u00e4hrleistungsanspr\u00fcche f\u00fcr unsere Ger\u00e4te AmpliTrain S und AmpliCube verj\u00e4hren nach 2 Jahren.<\/p>\n<p>b) Gew\u00e4hrleistungsanspr\u00fcche f\u00fcr unsere AmpliShort-Anz\u00fcge verj\u00e4hren nach 1 Jahr. Hiervon ausgenommen sind die Elektroden in den Anz\u00fcgen.<\/p>\n<p>c) Gew\u00e4hrleistungsanspr\u00fcche f\u00fcr s\u00e4mtliche Kabel verj\u00e4hren nach 1 Jahr. Hiervon ausgenommen sind Kabelbr\u00fcche und durch unsachgem\u00e4\u00dfe Behandlung verursachte Kabelm\u00e4ngel.<\/p>\n<p>d) Gew\u00e4hrleistungsanspr\u00fcche f\u00fcr Verteiler verj\u00e4hren nach 1 Jahr. Hiervon ausgenommen sind durch unsachgem\u00e4\u00dfe Behandlung verursachte Verteilerm\u00e4ngel.<\/p>\n<p>e) Garantieanspr\u00fcche f\u00fcr AmpliStrap-Elektroden verj\u00e4hren nach 6 Monaten.<\/p>\n<p>f) Vom K\u00e4ufer oder Leasingnehmer selbst verschuldete M\u00e4ngel sind von der Gew\u00e4hrleistung oder Garantie stets ausgeschlossen.<\/p>\n<p>3. Wenn Sie Verbraucher im Sinne des \u00a7 13 BGB sind, betr\u00e4gt die Verj\u00e4hrungsfrist f\u00fcr Gew\u00e4hrleistungsanspr\u00fcche bei gebrauchten Sachen \u2013 abweichend von den gesetzlichen Bestimmungen \u2013 ein Jahr. Diese Beschr\u00e4nkung gilt nicht f\u00fcr Anspr\u00fcche auf Grund von Sch\u00e4den aus der Verletzung des Lebens, des K\u00f6rpers oder der Gesundheit oder aus der Verletzung einer wesentlichen Vertragspflicht, deren Erf\u00fcllung die ordnungsgem\u00e4\u00dfe Durchf\u00fchrung des Vertrags \u00fcberhaupt erst erm\u00f6glicht und auf deren Einhaltung der Vertragspartner regelm\u00e4\u00dfig vertrauen darf (Kardinalpflicht) sowie f\u00fcr Anspr\u00fcche auf Grund von sonstigen Sch\u00e4den, die auf einer vors\u00e4tzlichen oder grob fahrl\u00e4ssigen Pflichtverletzung des Verwenders oder seiner Erf\u00fcllungsgehilfen beruhen.<\/p>\n<p>4. Wenn Sie Unternehmer im Sinne des \u00a7 14 BGB sind, gelten die gesetzlichen Bestimmungen mit folgenden Modifikationen:<\/p>\n<ul>\n<li>F\u00fcr die Beschaffenheit der Ware sind nur unsere eigenen Angaben und die Produktbeschreibung des Herstellers verbindlich, nicht jedoch \u00f6ffentliche Anpreisungen und \u00c4u\u00dferungen und sonstige Werbung des Herstellers.<\/li>\n<li>Sie sind verpflichtet, die Ware unverz\u00fcglich und mit der gebotenen Sorgfalt auf Qualit\u00e4ts- und Mengenabweichungen zu untersuchen und uns offensichtliche M\u00e4ngel binnen 7 Tagen ab Empfang der Ware anzuzeigen. Zur Fristwahrung reicht die rechtzeitige Absendung. Dies gilt auch f\u00fcr sp\u00e4ter festgestellte verdeckte M\u00e4ngel ab Entdeckung. Bei Verletzung der Untersuchungs- und R\u00fcgepflicht ist die Geltendmachung der Gew\u00e4hrleistungsanspr\u00fcche ausgeschlossen.<\/li>\n<li>Bei M\u00e4ngeln leisten wir nach unserer Wahl Gew\u00e4hr durch Nachbesserung oder Ersatzlieferung (Nacherf\u00fcllung). Im Falle der Nachbesserung m\u00fcssen wir nicht die erh\u00f6hten Kosten tragen, die durch die Verbringung der Ware an einen anderen Ort als den Erf\u00fcllungsort entstehen, sofern die Verbringung nicht dem bestimmungsgem\u00e4\u00dfen Gebrauch der Waren entspricht.<\/li>\n<li>Schl\u00e4gt die Nacherf\u00fcllung zweimal fehl, k\u00f6nnen Sie nach Ihrer Wahl Minderung verlangen oder vom Vertrag zur\u00fccktreten.<\/li>\n<li>Die Gew\u00e4hrleistungsfrist betr\u00e4gt ein Jahr ab Ablieferung der Ware.<\/li>\n<\/ul>\n<p>&nbsp;<\/p>\n<h3><strong>\u00a7 10 Haftung<\/strong><\/h3>\n<ol>\n<li>Unbeschr\u00e4nkte Haftung: Wir haften unbeschr\u00e4nkt f\u00fcr Vorsatz und grobe Fahrl\u00e4ssigkeit sowie nach Ma\u00dfgabe des Produkthaftungsgesetzes. F\u00fcr leichte Fahrl\u00e4ssigkeit haften wir bei Sch\u00e4den aus der Verletzung des Lebens, des K\u00f6rpers und der Gesundheit von Personen.<\/li>\n<li>Im \u00dcbrigen gilt folgende beschr\u00e4nkte Haftung: Bei leichter Fahrl\u00e4ssigkeit haften wir nur im Falle der Verletzung einer wesentlichen Vertragspflicht, deren Erf\u00fcllung die ordnungsgem\u00e4\u00dfe Durchf\u00fchrung des Vertrags \u00fcberhaupt erst erm\u00f6glicht und auf deren Einhaltung Sie regelm\u00e4\u00dfig vertrauen d\u00fcrfen (Kardinalpflicht). Die Haftung f\u00fcr leichte Fahrl\u00e4ssigkeit ist der H\u00f6he nach beschr\u00e4nkt auf die bei Vertragsschluss vorhersehbaren Sch\u00e4den, mit deren Entstehung typischerweise gerechnet werden muss. Diese Haftungsbeschr\u00e4nkung gilt auch zugunsten unserer Erf\u00fcllungsgehilfen.<\/li>\n<\/ol>\n<p>&nbsp;<\/p>\n<h3><strong> \u00a7 &nbsp;11 Hinweis zur R\u00fcckgabe und Entsorgung von Batterien \/ Akkus und Elektro- und Elektronikger\u00e4ten<\/strong><\/h3>\n<p>Batterien und Elektroger\u00e4te d\u00fcrfen zur Vermeidung von Umweltsch\u00e4den nicht in den Hausm\u00fcll gegeben werden. Hierzu k\u00f6nnen Sie Ihre alten Batterien unentgeltlich bei den \u00f6ffentlichen Sammelstellen in Ihrer Gemeinde&nbsp; oder \u00fcberall dort abgeben, wo Batterien verkauft werden. Sie k\u00f6nnen Ihre Elektro-Altger\u00e4te ebenfalls kostenlos bei einer der kommunalen Sammelstellen abgeben. Die Annahme von Altger\u00e4ten darf abgelehnt werden, wenn auf Grund einer Verunreinigung eine Gefahr f\u00fcr die Gesundheit und Sicherheit von Menschen besteht.<\/p>\n<p>&nbsp;<\/p>\n<p>Altbatterien und Altakkumulatoren, die nicht vom Altger\u00e4t umschlossen sind, sind vor der Abgabe an der Sammelstelle von diesem zu trennen.<\/p>\n<p>Das Zeichen \u201eM\u00fclltonne\u201c bedeutet, dass Elektroger\u00e4te und bestimmte Batterien getrennt vom Hausm\u00fcll zu sammeln und zu entsorgen sind.<\/p>\n<p>&nbsp;<\/p>\n<p><img loading=\"lazy\" src=\"https:\/\/amplitrain.com\/wp-content\/uploads\/2018\/11\/muelltonne-247x350.jpg\" alt=\"\" width=\"247\" height=\"350\"><\/p>\n<p>Auf schadstoffhaltigen Batterien finden Sie zus\u00e4tzlich folgende Hinweise:<\/p>\n<p>Pb : Batterie enth\u00e4lt Blei<\/p>\n<p>Cd: Batterie enth\u00e4lt Cadmium<\/p>\n<p>Hg: Batterie enth\u00e4lt Quecksilber<\/p>\n<p>&nbsp;<\/p>\n<h3><strong> \u00a7 &nbsp;12 Alternative Streitbeilegung<\/strong><\/h3>\n<p><strong>&nbsp;<\/strong>Wir sind bem\u00fcht, eventuelle Meinungsverschiedenheiten aus unserem Vertrag einvernehmlich beizulegen. Dar\u00fcber hinaus sind wir zu einer Teilnahme an einem Schlichtungsverfahren nicht verpflichtet und k\u00f6nnen Ihnen die Teilnahme an einem solchen Verfahren leider auch nicht anbieten.<\/p>\n<p>&nbsp;<\/p>\n<h3><strong> \u00a7 &nbsp;13 Schlussbestimmungen<\/strong><\/h3>\n<ol>\n<li>Sollten eine oder mehrere Bestimmungen dieser AGB unwirksam sein oder werden, wird dadurch die Wirksamkeit der anderen Bestimmungen im \u00dcbrigen nicht ber\u00fchrt.<\/li>\n<li>Auf Vertr\u00e4ge zwischen uns und Ihnen ist ausschlie\u00dflich deutsches Recht anwendbar unter Ausschluss der Bestimmungen der United Nations Convention on Contracts for the International Sale of Goods (CISG, \u201eUN-Kaufrecht\u201c). Zwingende Bestimmungen des Landes, in dem Sie sich gew\u00f6hnlich aufhalten, bleiben von der Rechtswahl unber\u00fchrt.<\/li>\n<li>Sind Sie Kaufmann, juristische Person des \u00f6ffentlichen Rechts oder \u00f6ffentlich-rechtliches Sonderverm\u00f6gen, so ist unser Gesch\u00e4ftssitz Gerichtsstand f\u00fcr alle Streitigkeiten aus oder im Zusammenhang mit Vertr\u00e4gen zwischen uns und Ihnen.<\/li>\n<\/ol>\n<p>&nbsp;<\/p>\n<p>Stand: 7. August 2018<\/p>\n<p>&nbsp;<\/p>\n<p>AGBs beruhen auf Mustern der H\u00c4RTING Rechtsanw\u00e4lte <a href=\"http:\/\/www.haerting.de\">www.haerting.de<\/a><\/p>\n<p>&nbsp;<\/p>\n","protected":false},"excerpt":{"rendered":"<p>Allgemeine Gesch\u00e4ftsbedingungen der amplitrain GmbH &nbsp; PDF zum Download &nbsp; \u00a7 1 Geltungsbereich und Anbieter (1)Diese Allgemeinen Gesch\u00e4ftsbedingungen gelten f\u00fcr alle Bestellungen, die Sie bei ampliTrain Global GmbH MAFINEX Technologiezentrum Julius-Hatry-Str.1 68163 Mannheim Gesch\u00e4ftsf\u00fchrer:&nbsp;&nbsp;&nbsp;&nbsp;&nbsp;&nbsp; Sabine Kleber, Markus H\u00f6ffgen t\u00e4tigen. &nbsp; Unser Warenangebot richtet sich ausschlie\u00dflich an K\u00e4ufer, die das 18. Lebensjahr vollendet haben. Unsere Lieferungen, &hellip;<\/p>\n<p class=\"read-more\"> <a class=\"\" href=\"https:\/\/amplitrain.com\/en\/agb\/\"> <span class=\"screen-reader-text\">AGB<\/span> Read More &raquo;<\/a><\/p>\n","protected":false},"author":10,"featured_media":0,"parent":0,"menu_order":18,"comment_status":"closed","ping_status":"closed","template":"","meta":[],"_links":{"self":[{"href":"https:\/\/amplitrain.com\/en\/wp-json\/wp\/v2\/pages\/1432\/"}],"collection":[{"href":"https:\/\/amplitrain.com\/en\/wp-json\/wp\/v2\/pages\/"}],"about":[{"href":"https:\/\/amplitrain.com\/en\/wp-json\/wp\/v2\/types\/page\/"}],"author":[{"embeddable":true,"href":"https:\/\/amplitrain.com\/en\/wp-json\/wp\/v2\/users\/10\/"}],"replies":[{"embeddable":true,"href":"https:\/\/amplitrain.com\/en\/wp-json\/wp\/v2\/comments\/?post=1432"}],"version-history":[{"count":16,"href":"https:\/\/amplitrain.com\/en\/wp-json\/wp\/v2\/pages\/1432\/revisions\/"}],"predecessor-version":[{"id":1600,"href":"https:\/\/amplitrain.com\/en\/wp-json\/wp\/v2\/pages\/1432\/revisions\/1600\/"}],"wp:attachment":[{"href":"https:\/\/amplitrain.com\/en\/wp-json\/wp\/v2\/media\/?parent=1432"}],"curies":[{"name":"wp","href":"https:\/\/api.w.org\/{rel}","templated":true}]}}